{"id":341,"date":"2021-05-04T00:15:57","date_gmt":"2021-05-04T06:15:57","guid":{"rendered":"https:\/\/www2.recoroatan.com\/?page_id=341"},"modified":"2025-10-29T09:28:47","modified_gmt":"2025-10-29T15:28:47","slug":"contratistas","status":"publish","type":"page","link":"https:\/\/www.recoroatan.com\/en\/contratistas\/","title":{"rendered":"Contractors"},"content":{"rendered":"<div data-elementor-type=\"wp-page\" data-elementor-id=\"341\" class=\"elementor elementor-341\" data-elementor-post-type=\"page\">\n\t\t\t\t\t\t<section class=\"elementor-section elementor-top-section elementor-element elementor-element-3f130b70 elementor-section-full_width elementor-section-height-min-height elementor-section-height-default elementor-section-items-middle\" data-id=\"3f130b70\" data-element_type=\"section\" data-settings=\"{&quot;background_background&quot;:&quot;classic&quot;}\">\n\t\t\t\t\t\t\t<div class=\"elementor-background-overlay\"><\/div>\n\t\t\t\t\t\t\t<div class=\"elementor-container elementor-column-gap-default\">\n\t\t\t\t\t<div class=\"elementor-column elementor-col-100 elementor-top-column elementor-element elementor-element-19134860\" data-id=\"19134860\" data-element_type=\"column\">\n\t\t\t<div class=\"elementor-widget-wrap elementor-element-populated\">\n\t\t\t\t\t\t<div class=\"elementor-element elementor-element-690a1461 animated-slow elementor-invisible elementor-widget elementor-widget-heading\" data-id=\"690a1461\" data-element_type=\"widget\" data-settings=\"{&quot;_animation&quot;:&quot;fadeIn&quot;}\" data-widget_type=\"heading.default\">\n\t\t\t\t<div class=\"elementor-widget-container\">\n\t\t\t<h2 class=\"elementor-heading-title elementor-size-default\">Contractors<\/h2>\t\t<\/div>\n\t\t\t\t<\/div>\n\t\t\t\t\t<\/div>\n\t\t<\/div>\n\t\t\t\t\t<\/div>\n\t\t<\/section>\n\t\t\t\t<section class=\"elementor-section elementor-top-section elementor-element elementor-element-56b0052b elementor-section-content-middle elementor-section-boxed elementor-section-height-default elementor-section-height-default\" data-id=\"56b0052b\" data-element_type=\"section\" data-settings=\"{&quot;background_background&quot;:&quot;classic&quot;}\">\n\t\t\t\t\t\t<div class=\"elementor-container elementor-column-gap-default\">\n\t\t\t\t\t<div class=\"elementor-column elementor-col-100 elementor-top-column elementor-element elementor-element-675528a8\" data-id=\"675528a8\" data-element_type=\"column\">\n\t\t\t<div class=\"elementor-widget-wrap elementor-element-populated\">\n\t\t\t\t\t\t<section class=\"elementor-section elementor-inner-section elementor-element elementor-element-55d75980 elementor-section-boxed elementor-section-height-default elementor-section-height-default\" data-id=\"55d75980\" data-element_type=\"section\">\n\t\t\t\t\t\t<div class=\"elementor-container elementor-column-gap-wider\">\n\t\t\t\t\t<div class=\"elementor-column elementor-col-100 elementor-inner-column elementor-element elementor-element-5b308a2e\" data-id=\"5b308a2e\" data-element_type=\"column\">\n\t\t\t<div class=\"elementor-widget-wrap elementor-element-populated\">\n\t\t\t\t\t\t<div class=\"elementor-element elementor-element-e2b38cd elementor-widget elementor-widget-heading\" data-id=\"e2b38cd\" data-element_type=\"widget\" data-widget_type=\"heading.default\">\n\t\t\t\t<div class=\"elementor-widget-container\">\n\t\t\t<h2 class=\"elementor-heading-title elementor-size-default\"><a href=\"http:\/\/RECO%20Approved%20Contractors%20List\">RECO Qualified Contractors<\/a><\/h2>\t\t<\/div>\n\t\t\t\t<\/div>\n\t\t\t\t<div class=\"elementor-element elementor-element-619dd211 elementor-widget elementor-widget-text-editor\" data-id=\"619dd211\" data-element_type=\"widget\" data-widget_type=\"text-editor.default\">\n\t\t\t\t<div class=\"elementor-widget-container\">\n\t\t\t\t\t\t\t<p><span style=\"font-weight: 400;\">The following is a list of RECO qualified contractors authorized to construct or perform maintenance on distribution lines or incoming service equipment. The list is based on these criteria:<\/span><\/p>\t\t\t\t\t\t<\/div>\n\t\t\t\t<\/div>\n\t\t\t\t<div class=\"elementor-element elementor-element-3f07b830 elementor-widget elementor-widget-text-editor\" data-id=\"3f07b830\" data-element_type=\"widget\" data-widget_type=\"text-editor.default\">\n\t\t\t\t<div class=\"elementor-widget-container\">\n\t\t\t\t\t\t\t<ol><li style=\"font-weight: 400;\" aria-level=\"1\"><span style=\"font-weight: 400;\">Education and experience of the company's managers, supervisors and technicians.<\/span><\/li><li style=\"font-weight: 400;\" aria-level=\"1\"><span style=\"font-weight: 400;\">Inventory of specialized equipment for construction and work on distribution lines up to 15 KVA.<\/span><\/li><li style=\"font-weight: 400;\" aria-level=\"1\"><span style=\"font-weight: 400;\">Inventory of safety equipment at 15 KV.<\/span><\/li><li style=\"font-weight: 400;\" aria-level=\"1\"><span style=\"font-weight: 400;\">Background (project history).<\/span><\/li><li style=\"font-weight: 400;\" aria-level=\"1\"><span style=\"font-weight: 400;\">Professional affiliations (CIMEQH, IEEE, INFOP, etc.).<\/span><\/li><\/ol>\t\t\t\t\t\t<\/div>\n\t\t\t\t<\/div>\n\t\t\t\t<div class=\"elementor-element elementor-element-c0a9bf4 elementor-widget elementor-widget-text-editor\" data-id=\"c0a9bf4\" data-element_type=\"widget\" data-widget_type=\"text-editor.default\">\n\t\t\t\t<div class=\"elementor-widget-container\">\n\t\t\t\t\t\t\t<table width=\"926\">\n<tbody>\n<tr>\n<td width=\"212\">Contractors<\/td>\n<td width=\"223\">Contacts:<\/td>\n<td width=\"77\">Proyectos a\u00e9reos en media tensi\u00f3n<\/td>\n<td width=\"91\">&nbsp;Proyectos subterr\u00e1neos en media tensi\u00f3n<\/td>\n<td width=\"77\">&nbsp;Proyectos a\u00e9reos en baja tensi\u00f3n<\/td>\n<td width=\"92\">&nbsp;Proyectos subterr\u00e1neos en baja tensi\u00f3n<\/td>\n<\/tr>\n<tr>\n<td width=\"212\">Soluciones El\u00e9ctricas Cardona \/ Fredy Cardona<\/td>\n<td width=\"223\">9928-2253 fredyacardona73@gmail.com<\/td>\n<td width=\"77\">X<\/td>\n<td width=\"91\">X<\/td>\n<td width=\"77\">X<\/td>\n<td width=\"92\">X<\/td>\n<\/tr>\n<tr>\n<td width=\"212\">Ing. Ramon Antonio Leiva Mejia<\/td>\n<td width=\"223\">\n<p>9995-4726 calaconstructora504@gmail.com<\/p>\n<\/td>\n<td width=\"77\">X<\/td>\n<td width=\"91\">X<\/td>\n<td width=\"77\">X<\/td>\n<td width=\"92\">X<\/td>\n<\/tr>\n<tr>\n<td width=\"212\">Torres Electric\/ Fredy Torres<\/td>\n<td width=\"223\">9964-6600 \/8921-8991 fredistoru40@gmail.com<\/td>\n<td width=\"77\">X<\/td>\n<td width=\"91\">X<\/td>\n<td width=\"77\">X<\/td>\n<td width=\"92\">X<\/td>\n<\/tr>\n<tr>\n<td width=\"212\">Balderramos Electric Service \/ Wilber Balderramos<\/td>\n<td width=\"223\">9471-7243&nbsp; wilberbalderramos_3@yahoo.com<\/td>\n<td width=\"77\">X<\/td>\n<td width=\"91\">X<\/td>\n<td width=\"77\">X<\/td>\n<td width=\"92\">X<\/td>\n<\/tr>\n<tr>\n<td width=\"212\">Electrica Hern\u00e1ndez \/ Roque Hern\u00e1ndez<\/td>\n<td width=\"223\">9470-1384 roquehernandez71@gmail.com<\/td>\n<td width=\"77\">X<\/td>\n<td width=\"91\">X<\/td>\n<td width=\"77\">X<\/td>\n<td width=\"92\">X<\/td>\n<\/tr>\n<tr>\n<td width=\"212\">Vegas Electric<\/td>\n<td width=\"223\">\n<p>2445-1309 \/ 9943-9973 info@vegaselectric.net<\/p>\n<p><a href=\"https:\/\/vegaselectric.net\/\">https:\/\/vegaselectric.net\/<\/a><\/p>\n<\/td>\n<td width=\"77\">X<\/td>\n<td width=\"91\">X<\/td>\n<td width=\"77\">X<\/td>\n<td width=\"92\">X<\/td>\n<\/tr>\n<tr>\n<td width=\"212\">Ing. Jorge Abilio Diaz<\/td>\n<td width=\"223\">3391-6172 jorgeabiliodiaz@yahoo.com<\/td>\n<td width=\"77\">X<\/td>\n<td width=\"91\">X<\/td>\n<td width=\"77\">X<\/td>\n<td width=\"92\">X<\/td>\n<\/tr>\n<tr>\n<td width=\"212\">Electromechanics and Consulting \/ Ing. Misael Ort\u00edz<\/td>\n<td width=\"223\">9609-6219 ELECON.HN@GMAIL.COM<\/td>\n<td width=\"77\">&nbsp;<\/td>\n<td width=\"91\">X<\/td>\n<td width=\"77\">&nbsp;<\/td>\n<td width=\"92\">X<\/td>\n<\/tr>\n<tr>\n<td width=\"212\">GALVANI Electromechanical \/ Eng. Luis S\u00e1nchez<\/td>\n<td width=\"223\">9948-8513 galvanielectromecanica@yahoo.com<\/td>\n<td width=\"77\">X<\/td>\n<td width=\"91\">X<\/td>\n<td width=\"77\">X<\/td>\n<td width=\"92\">X<\/td>\n<\/tr>\n<tr>\n<td width=\"212\">IECSA \/ Ing. Franklin Blanco<\/td>\n<td width=\"223\">2560-1383 \/ 2245-3815 info@iecsahn.com, www.iecsahn.com<\/td>\n<td width=\"77\">X<\/td>\n<td width=\"91\">X<\/td>\n<td width=\"77\">X<\/td>\n<td width=\"92\">X<\/td>\n<\/tr>\n<tr>\n<td width=\"212\">ICCE<\/td>\n<td width=\"223\">\n<p>2565-3434 servicioalcliente@icceconsul.com<\/p>\n<p><a href=\"http:\/\/icceconsul.com\">http:\/\/icceconsul.com<\/a><\/p>\n<\/td>\n<td width=\"77\">X<\/td>\n<td width=\"91\">X<\/td>\n<td width=\"77\">X<\/td>\n<td width=\"92\">X<\/td>\n<\/tr>\n<tr>\n<td width=\"212\">CONESCARAMUZZA \/ Lic. Juan Scaramuzza<\/td>\n<td width=\"223\">9814-1525 juan.scaramuzza@hotmail.com<\/td>\n<td width=\"77\">X<\/td>\n<td width=\"91\">&nbsp;<\/td>\n<td width=\"77\">X<\/td>\n<td width=\"92\">X<\/td>\n<\/tr>\n<tr>\n<td width=\"212\">\n<p>MR POWER ELECTRIC \/ Luis Medina<\/p>\n<\/td>\n<td width=\"223\">9541-7177 mrpowerelectric26@gmail.com<\/td>\n<td width=\"77\">X<\/td>\n<td width=\"91\">&nbsp;<\/td>\n<td width=\"77\">X<\/td>\n<td width=\"92\">X<\/td>\n<\/tr>\n<tr>\n<td width=\"212\">Ing. Luis Carlos Diaz Osorto<\/td>\n<td width=\"223\">3170-3446 ldiazosorto@gmail.com<\/td>\n<td width=\"77\">X<\/td>\n<td width=\"91\">&nbsp;<\/td>\n<td width=\"77\">X<\/td>\n<td width=\"92\">X<\/td>\n<\/tr>\n<tr>\n<td width=\"212\">Carlos Alberto Antunez<\/td>\n<td width=\"223\">9291-7677 carlosalbertoantunezvasquez@gmail.com<\/td>\n<td width=\"77\">X<\/td>\n<td width=\"91\">X<\/td>\n<td width=\"77\">X<\/td>\n<td width=\"92\">X<\/td>\n<\/tr>\n<tr>\n<td width=\"212\"><br><\/td>\n<td width=\"223\"><br><\/td>\n<td width=\"77\"><br><\/td>\n<td width=\"91\"><br><\/td>\n<td width=\"77\"><br><\/td>\n<td width=\"92\"><br><\/td>\n<\/tr>\n<\/tbody>\n<\/table>\t\t\t\t\t\t<\/div>\n\t\t\t\t<\/div>\n\t\t\t\t<div class=\"elementor-element elementor-element-111920f elementor-widget elementor-widget-toggle\" data-id=\"111920f\" data-element_type=\"widget\" data-widget_type=\"toggle.default\">\n\t\t\t\t<div class=\"elementor-widget-container\">\n\t\t\t\t\t<div class=\"elementor-toggle\">\n\t\t\t\t\t\t\t<div class=\"elementor-toggle-item\">\n\t\t\t\t\t<div id=\"elementor-tab-title-1791\" class=\"elementor-tab-title\" data-tab=\"1\" role=\"button\" aria-controls=\"elementor-tab-content-1791\" aria-expanded=\"false\">\n\t\t\t\t\t\t\t\t\t\t\t\t<span class=\"elementor-toggle-icon elementor-toggle-icon-left\" aria-hidden=\"true\">\n\t\t\t\t\t\t\t\t\t\t\t\t\t\t\t<span class=\"elementor-toggle-icon-closed\"><i class=\"fas fa-caret-right\"><\/i><\/span>\n\t\t\t\t\t\t\t\t<span class=\"elementor-toggle-icon-opened\"><i class=\"elementor-toggle-icon-opened fas fa-caret-up\"><\/i><\/span>\n\t\t\t\t\t\t\t\t\t\t\t\t\t<\/span>\n\t\t\t\t\t\t\t\t\t\t\t\t<a class=\"elementor-toggle-title\" tabindex=\"0\">REQUISITOS PARA SOLICITUDES DE APROBACION DE NUEVOS CONTRATISTAS PARA  REALIZAR PROYECTOS DE EXTENSIONES DE LINEAS DE DISTRIBUCION<\/a>\n\t\t\t\t\t<\/div>\n\n\t\t\t\t\t<div id=\"elementor-tab-content-1791\" class=\"elementor-tab-content elementor-clearfix\" data-tab=\"1\" role=\"region\" aria-labelledby=\"elementor-tab-title-1791\"><p>1 Solicitud por escrito dirigida a RECO para ser aprobado como contratista de extensiones de lineas de distribuci\u00f3n<\/p><p>2 Nombre completo de la empresa y raz\u00f3n\u00a0social<\/p><p>3 Escritura de constitucion de sociedad o comerciante individual<\/p><p>4 Facturaci\u00f3n\u00a0con CAI o recibos por honorarios<\/p><p>5 Constancia de pagos a cuenta<\/p><p>6 RTN<\/p><p>7 Persona de contacto<\/p><p>8 Correo electronico vigente<\/p><p>9 Direcci\u00f3n<\/p><p>10 Numero de telefono<\/p><p>11 Numero de DNI en caso de ser comerciante individual<\/p><p>12 Educaci\u00f3n y experiencia de los gerentes, supervisores, Ingenieros electricistas y t\u00e9cnicos de la empresa<\/p><p>13 Inventario de herramientas y equipo especializado para construcci\u00f3n y trabajo en l\u00edneas de distribuci\u00f3n de hasta 15 KV. (Adjuntar fotografias)<\/p><p>14 Inventario de equipos de protecci\u00f3n\u00a0personal y seguridad industrial para trabajos en lineas de distribuci\u00f3n\u00a0de hasta 15 KV. (Adjuntar fotografias)<\/p><p>15 Antecedentes (historial de proyectos de extensiones de lineas a\u00e9reas\u00a0o subterr\u00e1neas\u00a0e instalaci\u00f3n\u00a0de transformadores y dispositivos de secciona miento\u00a0en media tensi\u00f3n\u00a0construidos bajo la normativa de la ENEE)<\/p><p>16 Afiliaciones profesionales (CIMEQH, IEEE, etc.)<\/p><\/div>\n\t\t\t\t<\/div>\n\t\t\t\t\t\t\t\t<\/div>\n\t\t\t\t<\/div>\n\t\t\t\t<\/div>\n\t\t\t\t<div class=\"elementor-element elementor-element-12667b71 elementor-widget elementor-widget-text-editor\" data-id=\"12667b71\" data-element_type=\"widget\" data-widget_type=\"text-editor.default\">\n\t\t\t\t<div class=\"elementor-widget-container\">\n\t\t\t\t\t\t\t<p><b>NOTE:<\/b><span style=\"font-weight: 400;\">\u00a015 KV energized. The category refers to projects for the expansion, modification or location of existing 13.8 KV networks. Any contractor whose name does not appear on the list must make the request at the Customer Service offices. <\/span><\/p>\t\t\t\t\t\t<\/div>\n\t\t\t\t<\/div>\n\t\t\t\t<div class=\"elementor-element elementor-element-3737473 elementor-widget-divider--view-line elementor-widget elementor-widget-divider\" data-id=\"3737473\" data-element_type=\"widget\" data-widget_type=\"divider.default\">\n\t\t\t\t<div class=\"elementor-widget-container\">\n\t\t\t\t\t<div class=\"elementor-divider\">\n\t\t\t<span class=\"elementor-divider-separator\">\n\t\t\t\t\t\t<\/span>\n\t\t<\/div>\n\t\t\t\t<\/div>\n\t\t\t\t<\/div>\n\t\t\t\t\t<\/div>\n\t\t<\/div>\n\t\t\t\t\t<\/div>\n\t\t<\/section>\n\t\t\t\t\t<\/div>\n\t\t<\/div>\n\t\t\t\t\t<\/div>\n\t\t<\/section>\n\t\t\t\t<section class=\"elementor-section elementor-top-section elementor-element elementor-element-7ad79f9 elementor-section-height-min-height elementor-section-items-stretch elementor-section-content-bottom elementor-section-full_width elementor-section-height-default\" data-id=\"7ad79f9\" data-element_type=\"section\" data-settings=\"{&quot;background_background&quot;:&quot;classic&quot;}\">\n\t\t\t\t\t\t\t<div class=\"elementor-background-overlay\"><\/div>\n\t\t\t\t\t\t\t<div class=\"elementor-container elementor-column-gap-default\">\n\t\t\t\t\t<div class=\"elementor-column elementor-col-100 elementor-top-column elementor-element elementor-element-7a2a1520\" data-id=\"7a2a1520\" data-element_type=\"column\">\n\t\t\t<div class=\"elementor-widget-wrap elementor-element-populated\">\n\t\t\t\t\t\t<div class=\"elementor-element elementor-element-530a8d56 elementor-headline--style-rotate elementor-invisible elementor-widget elementor-widget-animated-headline\" data-id=\"530a8d56\" data-element_type=\"widget\" data-settings=\"{&quot;headline_style&quot;:&quot;rotate&quot;,&quot;animation_type&quot;:&quot;wave&quot;,&quot;rotating_text&quot;:&quot;Innovaci\\u00f3n\\nDesarrollo\\nResponsabilidad\\n&quot;,&quot;_animation&quot;:&quot;fadeInUp&quot;,&quot;_animation_delay&quot;:100,&quot;loop&quot;:&quot;yes&quot;,&quot;rotate_iteration_delay&quot;:2500}\" data-widget_type=\"animated-headline.default\">\n\t\t\t\t<div class=\"elementor-widget-container\">\n\t\t\t\t\t<p class=\"elementor-headline elementor-headline-animation-type-wave elementor-headline-letters\">\n\t\t\t\t<span class=\"elementor-headline-dynamic-wrapper elementor-headline-text-wrapper\">\n\t\t\t\t\t<span class=\"elementor-headline-dynamic-text elementor-headline-text-active\">\n\t\t\t\tInnovation\t\t\t<\/span>\n\t\t\t\t\t<span class=\"elementor-headline-dynamic-text\">\n\t\t\t\tDevelopment\t\t\t<\/span>\n\t\t\t\t\t<span class=\"elementor-headline-dynamic-text\">\n\t\t\t\tResponsibility\t\t\t<\/span>\n\t\t\t\t\t<span class=\"elementor-headline-dynamic-text\">\n\t\t\t\t\t\t\t<\/span>\n\t\t\t\t\t\t<\/span>\n\t\t\t\t<\/p>\n\t\t\t\t<\/div>\n\t\t\t\t<\/div>\n\t\t\t\t<section class=\"elementor-section elementor-inner-section elementor-element elementor-element-f86ab4a elementor-section-boxed elementor-section-height-default elementor-section-height-default\" data-id=\"f86ab4a\" data-element_type=\"section\">\n\t\t\t\t\t\t<div class=\"elementor-container elementor-column-gap-no\">\n\t\t\t\t\t<div class=\"elementor-column elementor-col-100 elementor-inner-column elementor-element elementor-element-5f5e1589\" data-id=\"5f5e1589\" data-element_type=\"column\">\n\t\t\t<div class=\"elementor-widget-wrap elementor-element-populated\">\n\t\t\t\t\t\t<div class=\"elementor-element elementor-element-34f57636 elementor-invisible elementor-widget elementor-widget-heading\" data-id=\"34f57636\" data-element_type=\"widget\" data-settings=\"{&quot;_animation&quot;:&quot;fadeInUp&quot;,&quot;_animation_delay&quot;:200}\" data-widget_type=\"heading.default\">\n\t\t\t\t<div class=\"elementor-widget-container\">\n\t\t\t<h2 class=\"elementor-heading-title elementor-size-default\">Tecnology and service, innovating in our energy systems <br>contributing with the development<br> of the island of Roatan.<\/h2>\t\t<\/div>\n\t\t\t\t<\/div>\n\t\t\t\t<div class=\"elementor-element elementor-element-5dcc8157 elementor-widget-divider--view-line elementor-invisible elementor-widget elementor-widget-divider\" data-id=\"5dcc8157\" data-element_type=\"widget\" data-settings=\"{&quot;_animation&quot;:&quot;fadeInUp&quot;,&quot;_animation_delay&quot;:300}\" data-widget_type=\"divider.default\">\n\t\t\t\t<div class=\"elementor-widget-container\">\n\t\t\t\t\t<div class=\"elementor-divider\">\n\t\t\t<span class=\"elementor-divider-separator\">\n\t\t\t\t\t\t<\/span>\n\t\t<\/div>\n\t\t\t\t<\/div>\n\t\t\t\t<\/div>\n\t\t\t\t\t<\/div>\n\t\t<\/div>\n\t\t\t\t\t<\/div>\n\t\t<\/section>\n\t\t\t\t\t<\/div>\n\t\t<\/div>\n\t\t\t\t\t<\/div>\n\t\t<\/section>\n\t\t\t\t<\/div>","protected":false},"excerpt":{"rendered":"<p>Contratistas Lista de Contratistas Calificados A continuaci\u00f3n la lista de los contratistas calificados, autorizados para construir o a realizar mantenimiento en l\u00edneas de distribuci\u00f3n o equipo de servicio de entrada. La lista se basa en estos criterios: Educaci\u00f3n y experiencia de los gerentes, supervisores y t\u00e9cnicos de la empresa. Inventario de equipo especializado para construcci\u00f3n y trabajo en l\u00edneas de distribuci\u00f3n hasta 15 KVA. Inventario de equipo de seguridad en 15 KV. Antecedentes (historia de proyectos). Afiliaciones profesionales (CIMEQH, IEEE, INFOP, etc.). Contratistas Contactos Proyectos a\u00e9reos en media tensi\u00f3n &nbsp;Proyectos subterr\u00e1neos en media tensi\u00f3n &nbsp;Proyectos a\u00e9reos en baja tensi\u00f3n &nbsp;Proyectos\u2026<\/p>","protected":false},"author":1,"featured_media":0,"parent":0,"menu_order":0,"comment_status":"closed","ping_status":"closed","template":"elementor_header_footer","meta":{"footnotes":""},"blocksy_meta":{"styles_descriptor":{"styles":{"desktop":"","tablet":"","mobile":""},"google_fonts":[],"version":5}},"_links":{"self":[{"href":"https:\/\/www.recoroatan.com\/en\/wp-json\/wp\/v2\/pages\/341"}],"collection":[{"href":"https:\/\/www.recoroatan.com\/en\/wp-json\/wp\/v2\/pages"}],"about":[{"href":"https:\/\/www.recoroatan.com\/en\/wp-json\/wp\/v2\/types\/page"}],"author":[{"embeddable":true,"href":"https:\/\/www.recoroatan.com\/en\/wp-json\/wp\/v2\/users\/1"}],"replies":[{"embeddable":true,"href":"https:\/\/www.recoroatan.com\/en\/wp-json\/wp\/v2\/comments?post=341"}],"version-history":[{"count":43,"href":"https:\/\/www.recoroatan.com\/en\/wp-json\/wp\/v2\/pages\/341\/revisions"}],"predecessor-version":[{"id":2478,"href":"https:\/\/www.recoroatan.com\/en\/wp-json\/wp\/v2\/pages\/341\/revisions\/2478"}],"wp:attachment":[{"href":"https:\/\/www.recoroatan.com\/en\/wp-json\/wp\/v2\/media?parent=341"}],"curies":[{"name":"wp","href":"https:\/\/api.w.org\/{rel}","templated":true}]}}